{"id":2407,"date":"2024-06-10T08:34:22","date_gmt":"2024-06-10T08:34:22","guid":{"rendered":"https:\/\/sofischoicetravel.com\/preguntas-frecuentes\/"},"modified":"2025-10-10T17:01:19","modified_gmt":"2025-10-10T17:01:19","slug":"preguntas-frecuentes","status":"publish","type":"page","link":"https:\/\/sofischoicetravel.com\/es\/preguntas-frecuentes\/","title":{"rendered":"PREGUNTAS FRECUENTES"},"content":{"rendered":"\t\t<div data-elementor-type=\"wp-page\" data-elementor-id=\"2407\" class=\"elementor elementor-2407 elementor-19\">\n\t\t\t\t<div class=\"elementor-element elementor-element-751d0ae e-flex e-con-boxed e-con e-parent\" data-id=\"751d0ae\" data-element_type=\"container\">\n\t\t\t\t\t<div class=\"e-con-inner\">\n\t\t<div class=\"elementor-element elementor-element-e63d8f8 e-con-full e-flex e-con e-child\" data-id=\"e63d8f8\" data-element_type=\"container\">\n\t\t\t\t<div class=\"elementor-element elementor-element-7fd2a49 elementor-yes elementor-yes elementor-widget elementor-widget-cz_image\" data-id=\"7fd2a49\" data-element_type=\"widget\" data-widget_type=\"cz_image.default\">\n\t\t\t\t<div class=\"elementor-widget-container\">\n\t\t\t\t\t\r\n\t\t<div class=\"cz_image clr cz_image_no_fx center_on_mobile\" data-position=\"\">\r\n\r\n\t\t\t<div>\r\n\r\n\t\t\t\t<div class=\"cz_image_in\">\r\n\r\n\t\t\t\t\t<div class=\"cz_main_image\"><\/div>\r\n\r\n\t\t\t\t\t<div class=\"cz_hover_image\"><\/div>\r\n\t\t\t\t<\/div>\r\n\r\n\t\t\t\t\r\n\t\t\t<\/div>\r\n\r\n\t\t<\/div>\r\n\r\n\t\t\t\t\t<\/div>\n\t\t\t\t<\/div>\n\t\t\t\t<div class=\"elementor-element elementor-element-673a9ea elementor-widget elementor-widget-cz_image\" data-id=\"673a9ea\" data-element_type=\"widget\" data-widget_type=\"cz_image.default\">\n\t\t\t\t<div class=\"elementor-widget-container\">\n\t\t\t\t\t\r\n\t\t<div class=\"cz_image clr cz_image_no_fx center_on_mobile\" data-position=\"\">\r\n\r\n\t\t\t<div>\r\n\r\n\t\t\t\t<div class=\"cz_image_in\">\r\n\r\n\t\t\t\t\t<div class=\"cz_main_image\"><img fetchpriority=\"high\" decoding=\"async\" width=\"960\" height=\"1440\" src=\"https:\/\/sofischoicetravel.com\/wp-content\/uploads\/2025\/09\/arab-restaurant.jpg\" class=\"attachment-full size-full wp-image-1783\" alt=\"\" srcset=\"https:\/\/sofischoicetravel.com\/wp-content\/uploads\/2025\/09\/arab-restaurant.jpg 960w, https:\/\/sofischoicetravel.com\/wp-content\/uploads\/2025\/09\/arab-restaurant-200x300.jpg 200w, https:\/\/sofischoicetravel.com\/wp-content\/uploads\/2025\/09\/arab-restaurant-683x1024.jpg 683w, https:\/\/sofischoicetravel.com\/wp-content\/uploads\/2025\/09\/arab-restaurant-768x1152.jpg 768w, https:\/\/sofischoicetravel.com\/wp-content\/uploads\/2025\/09\/arab-restaurant-600x900.jpg 600w\" sizes=\"(max-width: 960px) 100vw, 960px\" \/><\/div>\r\n\r\n\t\t\t\t\t<div class=\"cz_hover_image\"><img fetchpriority=\"high\" decoding=\"async\" width=\"960\" height=\"1440\" src=\"https:\/\/sofischoicetravel.com\/wp-content\/uploads\/2025\/09\/arab-restaurant.jpg\" class=\"attachment-full size-full wp-image-1783\" alt=\"\" srcset=\"https:\/\/sofischoicetravel.com\/wp-content\/uploads\/2025\/09\/arab-restaurant.jpg 960w, https:\/\/sofischoicetravel.com\/wp-content\/uploads\/2025\/09\/arab-restaurant-200x300.jpg 200w, https:\/\/sofischoicetravel.com\/wp-content\/uploads\/2025\/09\/arab-restaurant-683x1024.jpg 683w, https:\/\/sofischoicetravel.com\/wp-content\/uploads\/2025\/09\/arab-restaurant-768x1152.jpg 768w, https:\/\/sofischoicetravel.com\/wp-content\/uploads\/2025\/09\/arab-restaurant-600x900.jpg 600w\" sizes=\"(max-width: 960px) 100vw, 960px\" \/><\/div>\r\n\t\t\t\t<\/div>\r\n\r\n\t\t\t\t\r\n\t\t\t<\/div>\r\n\r\n\t\t<\/div>\r\n\r\n\t\t\t\t\t<\/div>\n\t\t\t\t<\/div>\n\t\t\t\t<div class=\"elementor-element elementor-element-1bfede7 elementor-widget elementor-widget-cz_contact_form_7\" data-id=\"1bfede7\" data-element_type=\"widget\" data-widget_type=\"cz_contact_form_7.default\">\n\t\t\t\t<div class=\"elementor-widget-container\">\n\t\t\t\t\t\t\t<div class=\"cz_cf7 clr\">\r\n\t\t\t<div>\n<div class=\"wpcf7 no-js\" id=\"wpcf7-f2458-o1\" lang=\"es-ES\" dir=\"ltr\" data-wpcf7-id=\"2458\">\n<div class=\"screen-reader-response\"><p role=\"status\" aria-live=\"polite\" aria-atomic=\"true\"><\/p> <ul><\/ul><\/div>\n<form action=\"\/es\/wp-json\/wp\/v2\/pages\/2407#wpcf7-f2458-o1\" method=\"post\" class=\"wpcf7-form init\" aria-label=\"Formulario de contacto\" novalidate=\"novalidate\" data-status=\"init\">\n<fieldset class=\"hidden-fields-container\"><input type=\"hidden\" name=\"_wpcf7\" value=\"2458\" \/><input type=\"hidden\" name=\"_wpcf7_version\" value=\"6.1.2\" \/><input type=\"hidden\" name=\"_wpcf7_locale\" value=\"es_ES\" \/><input type=\"hidden\" name=\"_wpcf7_unit_tag\" value=\"wpcf7-f2458-o1\" \/><input type=\"hidden\" name=\"_wpcf7_container_post\" value=\"0\" \/><input type=\"hidden\" name=\"_wpcf7_posted_data_hash\" value=\"\" \/>\n<\/fieldset>\n<div class=\"generic-contact-form\">\n\n <!-- Name -->\n\t<p><label for=\"full-name\">Nombre completo:<\/label><br \/>\n<span class=\"wpcf7-form-control-wrap\" data-name=\"first-name\"><input size=\"40\" maxlength=\"400\" class=\"wpcf7-form-control wpcf7-text wpcf7-validates-as-required\" id=\"full-name\" aria-required=\"true\" aria-invalid=\"false\" value=\"\" type=\"text\" name=\"first-name\" \/><\/span>\n\t<\/p>\n \n\n\n <!-- Phone -->\n\t<p><label for=\"phone\">N\u00famero de tel\u00e9fono:<\/label><br \/>\n<span class=\"wpcf7-form-control-wrap\" data-name=\"phone\"><input size=\"40\" maxlength=\"400\" class=\"wpcf7-form-control wpcf7-tel wpcf7-validates-as-required wpcf7-text wpcf7-validates-as-tel\" id=\"phone\" aria-required=\"true\" aria-invalid=\"false\" value=\"\" type=\"tel\" name=\"phone\" \/><\/span>\n\t<\/p>\n \n\n\n <!-- Email -->\n\t<p><label for=\"email\">Correo electr\u00f3nico:<\/label><br \/>\n<span class=\"wpcf7-form-control-wrap\" data-name=\"email\"><input size=\"40\" maxlength=\"400\" class=\"wpcf7-form-control wpcf7-email wpcf7-validates-as-required wpcf7-text wpcf7-validates-as-email\" id=\"email\" aria-required=\"true\" aria-invalid=\"false\" value=\"\" type=\"email\" name=\"email\" \/><\/span>\n\t<\/p>\n \n\n\n <!-- Subject -->\n\t<p><label for=\"subject\">\u00bfSobre qu\u00e9 quieres ponerte en contacto con nosotros?<\/label><br \/>\n<span class=\"wpcf7-form-control-wrap\" data-name=\"subject\"><select class=\"wpcf7-form-control wpcf7-select wpcf7-validates-as-required\" id=\"subject\" aria-required=\"true\" aria-invalid=\"false\" name=\"subject\"><option value=\"Preguntas generales\">Preguntas generales<\/option><option value=\"Proveedores de servicios\">Proveedores de servicios<\/option><option value=\"Otros asuntos\">Otros asuntos<\/option><\/select><\/span>\n\t<\/p>\n \n\n\n <!-- Message -->\n\t<p><label for=\"message\">Mensaje:<\/label><br \/>\n<span class=\"wpcf7-form-control-wrap\" data-name=\"message\"><textarea cols=\"40\" rows=\"10\" maxlength=\"2000\" class=\"wpcf7-form-control wpcf7-textarea wpcf7-validates-as-required\" id=\"message\" aria-required=\"true\" aria-invalid=\"false\" name=\"message\"><\/textarea><\/span>\n\t<\/p>\n \n\n\n <!-- Button -->\n\t<div class=\"submit-btn\">\n\t\t<p><input class=\"wpcf7-form-control wpcf7-submit has-spinner\" type=\"submit\" value=\"Enviar mensaje\" \/>\n\t\t<\/p>\n\t<\/div>\n<\/div><div class=\"wpcf7-response-output\" aria-hidden=\"true\"><\/div>\n<\/form>\n<\/div>\n<\/div>\r\n\t\t<\/div>\r\n\t\t\t\t\t\t<\/div>\n\t\t\t\t<\/div>\n\t\t\t\t<\/div>\n\t\t<div class=\"elementor-element elementor-element-99787e1 e-con-full e-flex e-con e-child\" data-id=\"99787e1\" data-element_type=\"container\">\n\t\t\t\t<div class=\"elementor-element elementor-element-a140720 elementor-widget elementor-widget-cz_title\" data-id=\"a140720\" data-element_type=\"widget\" data-widget_type=\"cz_title.default\">\n\t\t\t\t<div class=\"elementor-widget-container\">\n\t\t\t\t\t\t\r\n\t\t<div>\r\n\t\t\t<div class=\"cz_title clr cz_mobile_text_center cz_title_pos_inline\"><div class=\"cz_title_content\"><div class=\"cz_wpe_content\"><h2><span style=\"color: #61c0c2;\">Preguntas<\/span> frecuentes<\/h2><br><h1>Viajes y aventuras de lujo desde m\u00e9xico<\/h1><\/div><\/div><\/div>\r\n\t\t<\/div>\r\n\t\t\r\n\t\t\t\t\t\t<\/div>\n\t\t\t\t<\/div>\n\t\t\t\t<div class=\"elementor-element elementor-element-f597452 elementor-widget elementor-widget-cz_title\" data-id=\"f597452\" data-element_type=\"widget\" data-widget_type=\"cz_title.default\">\n\t\t\t\t<div class=\"elementor-widget-container\">\n\t\t\t\t\t\t\r\n\t\t<div>\r\n\t\t\t<div class=\"cz_title clr cz_mobile_text_center cz_title_pos_inline\"><div class=\"cz_title_content\"><div class=\"cz_wpe_content\"><p>Por favor, lee las preguntas de abajo y si no las encuentras<\/p><p>tu respuesta por favor env\u00edanos tu pregunta, nosotros<\/p><p>responderte lo antes posible.<\/p><\/div><\/div><\/div>\r\n\t\t<\/div>\r\n\t\t\r\n\t\t\t\t\t\t<\/div>\n\t\t\t\t<\/div>\n\t\t\t\t<div class=\"elementor-element elementor-element-ece70c7 elementor-widget elementor-widget-cz_title\" data-id=\"ece70c7\" data-element_type=\"widget\" data-widget_type=\"cz_title.default\">\n\t\t\t\t<div class=\"elementor-widget-container\">\n\t\t\t\t\t\t\r\n\t\t<div>\r\n\t\t\t<div class=\"cz_title clr cz_mobile_text_center cz_title_has_icon cz_title_pos_inline\"><div class=\"cz_title_content\"><i class=\"cz_title_icon_before fa fa-question\"><\/i><div class=\"cz_wpe_content\"><h4>Preguntas frecuentes<\/h4><\/div><\/div><\/div>\r\n\t\t<\/div>\r\n\t\t\r\n\t\t\t\t\t\t<\/div>\n\t\t\t\t<\/div>\n\t\t\t\t<div class=\"elementor-element elementor-element-d13c5ee elementor-widget elementor-widget-cz_accordion\" data-id=\"d13c5ee\" data-element_type=\"widget\" data-widget_type=\"cz_accordion.default\">\n\t\t\t\t<div class=\"elementor-widget-container\">\n\t\t\t\t\t<div data-arrows='{\"open\":\"czi czico-200-down-arrow\",\"close\":\"czi czico-199-up-arrow\"}' class=\"cz_acc clr cz_acc_toggle cz_acc_first_open\"><div><div class=\"elementor-repeater-item-a28c2e7\"><span class=\"cz_acc_child\"><div>\u00bfQu\u00e9 hacen exactamente los Asesores de Viajes de Sofi's Choice?<\/div><\/span><div class=\"cz_acc_child_content clr\"><p><span style=\"font-weight: 400;\">Los Asesores de Viajes Sofi's Choice (tambi\u00e9n conocidos como asesores \/ agentes de viajes) trabajan con los clientes para comprender sus necesidades vacacionales y se encargan de todos los preparativos del viaje, desde reservar un hotel para un fin de semana largo hasta planificar una luna de miel.  <\/span><\/p>\n<p><span style=\"font-weight: 400;\">Se toman el tiempo necesario para conocer tus preferencias y reducir las opciones de destino y alojamiento para encontrar la que mejor se adapte a ti. Nos hemos tomado el tiempo necesario para crear una comunidad c\u00e1lida, vibrante y diversa de asesores de viajes que est\u00e1n tan obsesionados con los viajes como nosotros. El trabajo de nuestros asesores consiste en asegurarse de que tu pr\u00f3ximo viaje se adapte con precisi\u00f3n a tus gustos, estilo de vacaciones y presupuesto.  <\/span><\/p>\n<\/div><\/div><div class=\"elementor-repeater-item-6e90523\"><span class=\"cz_acc_child\"><div>\u00bfQu\u00e9 tipos de viaje puedo reservar con Sofi's Choice Travel?<\/div><\/span><div class=\"cz_acc_child_content clr\"><p><span style=\"font-weight: 400;\">Lo que quieras, lo reservamos: vacaciones en complejos tur\u00edsticos, safaris, viajes de soltero\/a, escapadas urbanas, cruceros (y yates), viajes de negocios, aviones privados, alquiler de casas de vacaciones, viajes de varios d\u00edas, escapadas de fin de semana... Lo hacemos todo.<\/span><\/p>\n<\/div><\/div><div class=\"elementor-repeater-item-9f9221a\"><span class=\"cz_acc_child\"><div>\u00bfCu\u00e1les son las ventajas de trabajar con un Asesor de Viajes de Sofi's Choice?<\/div><\/span><div class=\"cz_acc_child_content clr\"><p><span style=\"font-weight: 400;\">Trabajar con una agencia de viajes Sofi's Choice Travel mejora tu experiencia vacacional. Una agencia de viajes se ocupa de toda la log\u00edstica -traslados sobre el terreno, reservas de hoteles y excursiones, planificaci\u00f3n del itinerario- para que puedas aprovechar al m\u00e1ximo tu viaje, sin estr\u00e9s.   <\/span><\/p>\n<p><span style=\"font-weight: 400;\">Al reservar tu viaje a trav\u00e9s de un Asesor de Viajes Sofi's Choice, tambi\u00e9n te beneficiar\u00e1s de las asociaciones que tenemos con m\u00e1s de 8.200 hoteles y proveedores de viajes de todo el mundo, como Virtuoso, Four Seasons, Rosewood, Belmond y otros. (M\u00e1s informaci\u00f3n sobre nuestros socios.) Saluda a las mejoras de habitaci\u00f3n, los desayunos gratuitos, los cr\u00e9ditos del complejo y el trato de primera categor\u00eda.  <\/span><\/p>\n<\/div><\/div><div class=\"elementor-repeater-item-1c60fed\"><span class=\"cz_acc_child\"><div>\u00bfCu\u00e1nto cobran los Asesores de Viajes de Sofi's Choice?<\/div><\/span><div class=\"cz_acc_child_content clr\"><p><span style=\"font-weight: 400;\">Los Asesores de Viajes de Sofi's Choice no cobran nada por la mayor\u00eda de las reservas de hotel. Los asesores reciben comisiones de los establecimientos y proveedores de viajes, sin coste adicional para ti. Para itinerarios m\u00e1s complicados con varias paradas, los Asesores de Viajes de Sofi's Choice pueden cobrar una comisi\u00f3n por planificaci\u00f3n. Esto siempre se presentar\u00e1 de forma transparente por adelantado.   <\/span><\/p>\n<\/div><\/div><div class=\"elementor-repeater-item-509638f\"><span class=\"cz_acc_child\"><div>\u00bfY si realmente disfruto planificando mi viaje?<\/div><\/span><div class=\"cz_acc_child_content clr\"><p><span style=\"font-weight: 400;\">Planificar viajes -si tienes mucho tiempo- puede ser divertido. \u00a1Es lo que hacemos! \u200d    <\/span><\/p>\n<p><span style=\"font-weight: 400;\">Seguir\u00e1s benefici\u00e1ndote de utilizar un Asesor de Viajes Sofi's Choice. Dinos los hoteles que te interesan y los reservaremos por ti para que obtengas ventajas como desayuno gratuito, una mejora de habitaci\u00f3n, entrada anticipada o salida tard\u00eda, sin coste adicional para ti. \u200d<\/span><\/p>\n<p><span style=\"font-weight: 400;\">Adem\u00e1s, te avisaremos si tenemos alguna informaci\u00f3n sobre el establecimiento que pueda no ser obvia en Internet (como el hecho de que la habitaci\u00f3n que solicitaste da a una pared). Es como tener un mejor amigo que trabaja en viajes y que puede ayudarte a planificar el viaje de tus sue\u00f1os. <\/span><\/p>\n<\/div><\/div><div class=\"elementor-repeater-item-0dec198\"><span class=\"cz_acc_child\"><div>Estoy planeando un viaje en grupo. \u00bfPueden ayudarme los Asesores de Viajes de Sofi's Choice? <\/div><\/span><div class=\"cz_acc_child_content clr\"><p><span style=\"font-weight: 400;\">Por supuesto. Cuantos m\u00e1s seamos, mejor. Tanto si est\u00e1s organizando una reuni\u00f3n familiar, una luna de miel, una despedida de soltera o un retiro para toda la empresa, estaremos encantados de ayudarte. S\u00f3lo tienes que ponerte en contacto con tu Asesor de Viajes Sofi's Choice para iniciar el proceso.   <\/span><\/p>\n<\/div><\/div><div class=\"elementor-repeater-item-f699e36\"><span class=\"cz_acc_child\"><div>\u00bfC\u00f3mo puedo aprovechar al m\u00e1ximo mi experiencia al planificar un viaje con Sofi's Choice Travel?<\/div><\/span><div class=\"cz_acc_child_content clr\"><p><span style=\"font-weight: 400;\">Cu\u00e9ntanoslo todo. Dinos si te gusta el golf, si debes tener acceso a un club infantil o si tienes debilidad por los viajes fuera de lo com\u00fan. Es muy \u00fatil compartir informaci\u00f3n sobre alergias graves o restricciones diet\u00e9ticas. De ese modo, s\u00f3lo te mostraremos opciones que se ajusten a tus deseos y necesidades. Tambi\u00e9n nos encanta conocer tus hoteles favoritos y los viajes que has disfrutado en el pasado, porque eso nos da pistas sobre tu estilo de viaje.    <\/span><\/p>\n<p><span style=\"font-weight: 400;\">Si nunca has trabajado con un asesor de viajes, consulta nuestra gu\u00eda sobre qu\u00e9 esperar al reservar con un agente de viajes.<\/span><\/p>\n<\/div><\/div><div class=\"elementor-repeater-item-0341435\"><span class=\"cz_acc_child\"><div>\u00bfRespalda Sofi's Choice Travel todos los puntos de vista y opiniones compartidos en las gu\u00edas, informes de viaje e itinerarios de su sitio web?<\/div><\/span><div class=\"cz_acc_child_content clr\"><p><span style=\"font-weight: 400;\">Nos encanta mostrar las diversas perspectivas de nuestra comunidad de viajeros, y creemos que la experiencia de viaje de cada persona es \u00fanica y merece la pena compartirla. Nos esforzamos por crear un espacio respetuoso e inclusivo, y fomentamos los contenidos que se alinean con esos valores. Dicho esto, los puntos de vista y opiniones expresados en los contenidos generados por los usuarios pertenecen exclusivamente a los creadores originales y no reflejan necesariamente las opiniones de Sofi's Choice Travel .  <\/span><\/p>\n<\/div><\/div><\/div><\/div>\t\t\t\t<\/div>\n\t\t\t\t<\/div>\n\t\t\t\t<\/div>\n\t\t\t\t\t<\/div>\n\t\t\t\t<\/div>\n\t\t\t\t<\/div>\n\t\t","protected":false},"excerpt":{"rendered":"<p>Full Name: Phone Number: Email: What would you like to contact &#8230; <\/p>\n","protected":false},"author":1,"featured_media":0,"parent":0,"menu_order":0,"comment_status":"closed","ping_status":"closed","template":"","meta":{"footnotes":""},"class_list":["post-2407","page","type-page","status-publish","hentry"],"yoast_head":"<!-- This site is optimized with the Yoast SEO plugin v26.2 - https:\/\/yoast.com\/wordpress\/plugins\/seo\/ -->\n<title>PREGUNTAS FRECUENTES - Sofi&#039;s Choice Travel<\/title>\n<meta name=\"robots\" content=\"index, follow, max-snippet:-1, max-image-preview:large, max-video-preview:-1\" \/>\n<link rel=\"canonical\" href=\"https:\/\/sofischoicetravel.com\/es\/preguntas-frecuentes\/\" \/>\n<meta property=\"og:locale\" content=\"es_ES\" \/>\n<meta property=\"og:type\" content=\"article\" \/>\n<meta property=\"og:title\" content=\"PREGUNTAS FRECUENTES - Sofi&#039;s Choice Travel\" \/>\n<meta property=\"og:description\" content=\"Full Name: Phone Number: Email: What would you like to contact ...\" \/>\n<meta property=\"og:url\" content=\"https:\/\/sofischoicetravel.com\/es\/preguntas-frecuentes\/\" \/>\n<meta property=\"og:site_name\" content=\"El viaje elegido por Sofi\" \/>\n<meta property=\"article:publisher\" content=\"https:\/\/www.facebook.com\/sofischoicetravel\" \/>\n<meta property=\"article:modified_time\" content=\"2025-10-10T17:01:19+00:00\" \/>\n<meta property=\"og:image\" content=\"https:\/\/sofischoicetravel.com\/wp-content\/uploads\/2025\/09\/arab-restaurant.jpg\" \/>\n<meta name=\"twitter:card\" content=\"summary_large_image\" \/>\n<meta name=\"twitter:label1\" content=\"Tiempo de lectura\" \/>\n\t<meta name=\"twitter:data1\" content=\"4 minutos\" \/>\n<script type=\"application\/ld+json\" class=\"yoast-schema-graph\">{\"@context\":\"https:\/\/schema.org\",\"@graph\":[{\"@type\":\"WebPage\",\"@id\":\"https:\/\/sofischoicetravel.com\/es\/preguntas-frecuentes\/\",\"url\":\"https:\/\/sofischoicetravel.com\/es\/preguntas-frecuentes\/\",\"name\":\"PREGUNTAS FRECUENTES - Sofi's Choice Travel\",\"isPartOf\":{\"@id\":\"https:\/\/sofischoicetravel.com\/es\/#website\"},\"primaryImageOfPage\":{\"@id\":\"https:\/\/sofischoicetravel.com\/es\/preguntas-frecuentes\/#primaryimage\"},\"image\":{\"@id\":\"https:\/\/sofischoicetravel.com\/es\/preguntas-frecuentes\/#primaryimage\"},\"thumbnailUrl\":\"https:\/\/sofischoicetravel.com\/wp-content\/uploads\/2025\/09\/arab-restaurant.jpg\",\"datePublished\":\"2024-06-10T08:34:22+00:00\",\"dateModified\":\"2025-10-10T17:01:19+00:00\",\"breadcrumb\":{\"@id\":\"https:\/\/sofischoicetravel.com\/es\/preguntas-frecuentes\/#breadcrumb\"},\"inLanguage\":\"es\",\"potentialAction\":[{\"@type\":\"ReadAction\",\"target\":[\"https:\/\/sofischoicetravel.com\/es\/preguntas-frecuentes\/\"]}]},{\"@type\":\"ImageObject\",\"inLanguage\":\"es\",\"@id\":\"https:\/\/sofischoicetravel.com\/es\/preguntas-frecuentes\/#primaryimage\",\"url\":\"https:\/\/sofischoicetravel.com\/wp-content\/uploads\/2025\/09\/arab-restaurant.jpg\",\"contentUrl\":\"https:\/\/sofischoicetravel.com\/wp-content\/uploads\/2025\/09\/arab-restaurant.jpg\"},{\"@type\":\"BreadcrumbList\",\"@id\":\"https:\/\/sofischoicetravel.com\/es\/preguntas-frecuentes\/#breadcrumb\",\"itemListElement\":[{\"@type\":\"ListItem\",\"position\":1,\"name\":\"Home\",\"item\":\"https:\/\/sofischoicetravel.com\/es\/\"},{\"@type\":\"ListItem\",\"position\":2,\"name\":\"PREGUNTAS FRECUENTES\"}]},{\"@type\":\"WebSite\",\"@id\":\"https:\/\/sofischoicetravel.com\/es\/#website\",\"url\":\"https:\/\/sofischoicetravel.com\/es\/\",\"name\":\"Sofi's Choice Travel\",\"description\":\"Agencia de viajes\",\"publisher\":{\"@id\":\"https:\/\/sofischoicetravel.com\/es\/#organization\"},\"potentialAction\":[{\"@type\":\"SearchAction\",\"target\":{\"@type\":\"EntryPoint\",\"urlTemplate\":\"https:\/\/sofischoicetravel.com\/es\/?s={search_term_string}\"},\"query-input\":{\"@type\":\"PropertyValueSpecification\",\"valueRequired\":true,\"valueName\":\"search_term_string\"}}],\"inLanguage\":\"es\"},{\"@type\":\"Organization\",\"@id\":\"https:\/\/sofischoicetravel.com\/es\/#organization\",\"name\":\"Sofi's Choice Travel\",\"alternateName\":\"Sofi's Choice Travel\",\"url\":\"https:\/\/sofischoicetravel.com\/es\/\",\"logo\":{\"@type\":\"ImageObject\",\"inLanguage\":\"es\",\"@id\":\"https:\/\/sofischoicetravel.com\/es\/#\/schema\/logo\/image\/\",\"url\":\"https:\/\/sofischoicetravel.com\/wp-content\/uploads\/2025\/10\/sofis-choice-7.png\",\"contentUrl\":\"https:\/\/sofischoicetravel.com\/wp-content\/uploads\/2025\/10\/sofis-choice-7.png\",\"width\":391,\"height\":248,\"caption\":\"Sofi's Choice Travel\"},\"image\":{\"@id\":\"https:\/\/sofischoicetravel.com\/es\/#\/schema\/logo\/image\/\"},\"sameAs\":[\"https:\/\/www.facebook.com\/sofischoicetravel\",\"https:\/\/www.instagram.com\/sofischoicetravel\/\"]}]}<\/script>\n<!-- \/ Yoast SEO plugin. -->","yoast_head_json":{"title":"PREGUNTAS FRECUENTES - Sofi's Choice Travel","robots":{"index":"index","follow":"follow","max-snippet":"max-snippet:-1","max-image-preview":"max-image-preview:large","max-video-preview":"max-video-preview:-1"},"canonical":"https:\/\/sofischoicetravel.com\/es\/preguntas-frecuentes\/","og_locale":"es_ES","og_type":"article","og_title":"PREGUNTAS FRECUENTES - Sofi's Choice Travel","og_description":"Full Name: Phone Number: Email: What would you like to contact ...","og_url":"https:\/\/sofischoicetravel.com\/es\/preguntas-frecuentes\/","og_site_name":"El viaje elegido por Sofi","article_publisher":"https:\/\/www.facebook.com\/sofischoicetravel","article_modified_time":"2025-10-10T17:01:19+00:00","og_image":[{"url":"https:\/\/sofischoicetravel.com\/wp-content\/uploads\/2025\/09\/arab-restaurant.jpg","type":"","width":"","height":""}],"twitter_card":"summary_large_image","twitter_misc":{"Tiempo de lectura":"4 minutos"},"schema":{"@context":"https:\/\/schema.org","@graph":[{"@type":"WebPage","@id":"https:\/\/sofischoicetravel.com\/es\/preguntas-frecuentes\/","url":"https:\/\/sofischoicetravel.com\/es\/preguntas-frecuentes\/","name":"PREGUNTAS FRECUENTES - Sofi's Choice Travel","isPartOf":{"@id":"https:\/\/sofischoicetravel.com\/es\/#website"},"primaryImageOfPage":{"@id":"https:\/\/sofischoicetravel.com\/es\/preguntas-frecuentes\/#primaryimage"},"image":{"@id":"https:\/\/sofischoicetravel.com\/es\/preguntas-frecuentes\/#primaryimage"},"thumbnailUrl":"https:\/\/sofischoicetravel.com\/wp-content\/uploads\/2025\/09\/arab-restaurant.jpg","datePublished":"2024-06-10T08:34:22+00:00","dateModified":"2025-10-10T17:01:19+00:00","breadcrumb":{"@id":"https:\/\/sofischoicetravel.com\/es\/preguntas-frecuentes\/#breadcrumb"},"inLanguage":"es","potentialAction":[{"@type":"ReadAction","target":["https:\/\/sofischoicetravel.com\/es\/preguntas-frecuentes\/"]}]},{"@type":"ImageObject","inLanguage":"es","@id":"https:\/\/sofischoicetravel.com\/es\/preguntas-frecuentes\/#primaryimage","url":"https:\/\/sofischoicetravel.com\/wp-content\/uploads\/2025\/09\/arab-restaurant.jpg","contentUrl":"https:\/\/sofischoicetravel.com\/wp-content\/uploads\/2025\/09\/arab-restaurant.jpg"},{"@type":"BreadcrumbList","@id":"https:\/\/sofischoicetravel.com\/es\/preguntas-frecuentes\/#breadcrumb","itemListElement":[{"@type":"ListItem","position":1,"name":"Home","item":"https:\/\/sofischoicetravel.com\/es\/"},{"@type":"ListItem","position":2,"name":"PREGUNTAS FRECUENTES"}]},{"@type":"WebSite","@id":"https:\/\/sofischoicetravel.com\/es\/#website","url":"https:\/\/sofischoicetravel.com\/es\/","name":"Sofi's Choice Travel","description":"Agencia de viajes","publisher":{"@id":"https:\/\/sofischoicetravel.com\/es\/#organization"},"potentialAction":[{"@type":"SearchAction","target":{"@type":"EntryPoint","urlTemplate":"https:\/\/sofischoicetravel.com\/es\/?s={search_term_string}"},"query-input":{"@type":"PropertyValueSpecification","valueRequired":true,"valueName":"search_term_string"}}],"inLanguage":"es"},{"@type":"Organization","@id":"https:\/\/sofischoicetravel.com\/es\/#organization","name":"Sofi's Choice Travel","alternateName":"Sofi's Choice Travel","url":"https:\/\/sofischoicetravel.com\/es\/","logo":{"@type":"ImageObject","inLanguage":"es","@id":"https:\/\/sofischoicetravel.com\/es\/#\/schema\/logo\/image\/","url":"https:\/\/sofischoicetravel.com\/wp-content\/uploads\/2025\/10\/sofis-choice-7.png","contentUrl":"https:\/\/sofischoicetravel.com\/wp-content\/uploads\/2025\/10\/sofis-choice-7.png","width":391,"height":248,"caption":"Sofi's Choice Travel"},"image":{"@id":"https:\/\/sofischoicetravel.com\/es\/#\/schema\/logo\/image\/"},"sameAs":["https:\/\/www.facebook.com\/sofischoicetravel","https:\/\/www.instagram.com\/sofischoicetravel\/"]}]}},"_links":{"self":[{"href":"https:\/\/sofischoicetravel.com\/es\/wp-json\/wp\/v2\/pages\/2407","targetHints":{"allow":["GET"]}}],"collection":[{"href":"https:\/\/sofischoicetravel.com\/es\/wp-json\/wp\/v2\/pages"}],"about":[{"href":"https:\/\/sofischoicetravel.com\/es\/wp-json\/wp\/v2\/types\/page"}],"author":[{"embeddable":true,"href":"https:\/\/sofischoicetravel.com\/es\/wp-json\/wp\/v2\/users\/1"}],"replies":[{"embeddable":true,"href":"https:\/\/sofischoicetravel.com\/es\/wp-json\/wp\/v2\/comments?post=2407"}],"version-history":[{"count":2,"href":"https:\/\/sofischoicetravel.com\/es\/wp-json\/wp\/v2\/pages\/2407\/revisions"}],"predecessor-version":[{"id":2417,"href":"https:\/\/sofischoicetravel.com\/es\/wp-json\/wp\/v2\/pages\/2407\/revisions\/2417"}],"wp:attachment":[{"href":"https:\/\/sofischoicetravel.com\/es\/wp-json\/wp\/v2\/media?parent=2407"}],"curies":[{"name":"wp","href":"https:\/\/api.w.org\/{rel}","templated":true}]}}