{"id":2434,"date":"2025-08-23T16:21:00","date_gmt":"2025-08-23T16:21:00","guid":{"rendered":"https:\/\/sofischoicetravel.com\/politica-de-privacidad\/"},"modified":"2025-10-10T17:03:25","modified_gmt":"2025-10-10T17:03:25","slug":"politica-de-privacidad","status":"publish","type":"page","link":"https:\/\/sofischoicetravel.com\/es\/politica-de-privacidad\/","title":{"rendered":"Pol\u00edtica de privacidad"},"content":{"rendered":"\n<h2 class=\"wp-block-heading\">Pol\u00edtica de privacidad<\/h2>\n\n<p><br\/>\u00daltima modificaci\u00f3n: 1 de septiembre de 2021<\/p>\n\n<p>Introducci\u00f3n<\/p>\n\n<p>En Sofi&#8217;s Choice Travel (\u00abEmpresa\u00bb o \u00abNosotros\u00bb) respetamos tu privacidad y nos comprometemos a protegerla mediante el cumplimiento de esta pol\u00edtica. Entendemos que te preocupe c\u00f3mo se recopila, utiliza y comparte la informaci\u00f3n sobre ti. Mantenerte informado sobre los datos que recopilamos y las opciones que puedes tener con respecto a tu informaci\u00f3n es nuestra m\u00e1xima prioridad.   <\/p>\n\n<p>Esta pol\u00edtica describe los tipos de informaci\u00f3n que podemos recabar de ti o que t\u00fa puedes proporcionarnos cuando visitas la p\u00e1gina web www.Sofi&#8217;s Choice Travel travel.com o cualquier otra p\u00e1gina o servicio alojado en los nombres de dominio Sofi&#8217;s Choice Travel travel.com o Sofi&#8217;s Choice Travel .travel (nuestra \u00abP\u00e1gina Web\u00bb) y nuestras pr\u00e1cticas para recabar, utilizar, mantener, proteger y divulgar dicha informaci\u00f3n. Al utilizar nuestro Sitio Web o facilitarnos informaci\u00f3n de cualquier otro modo, aceptas que tu informaci\u00f3n se utilice del modo descrito en esta pol\u00edtica de privacidad.<\/p>\n\n<p>Esta pol\u00edtica se aplica a la informaci\u00f3n que recopilamos:<\/p>\n\n<ul class=\"wp-block-list\">\n<li>Mientras interact\u00faas con el Sitio Web.<\/li>\n\n\n\n<li>En correo electr\u00f3nico, texto, chat y otros mensajes electr\u00f3nicos entre t\u00fa y este Sitio Web.<\/li>\n\n\n\n<li>Publicidad alojada en sitios web de terceros<\/li>\n\n\n\n<li>Informaci\u00f3n que proporcionas al interactuar con nuestras cuentas de redes sociales en servicios como Facebook, Instagram, etc.<\/li>\n\n\n\n<li><\/li>\n<\/ul>\n\n<p>No se aplica a la informaci\u00f3n recogida por:<\/p>\n\n<ul class=\"wp-block-list\">\n<li>Nosotros fuera de l\u00ednea o a trav\u00e9s de cualquier otro medio; o<\/li>\n\n\n\n<li>Cualquier tercero (incluidas nuestras filiales y subsidiarias), incluso a trav\u00e9s de cualquier aplicaci\u00f3n o contenido que pueda ser accesible en el Sitio Web.<\/li>\n<\/ul>\n\n<p>Nuestro objetivo es ser transparentes sobre el uso de tu informaci\u00f3n, por lo que te rogamos que leas atentamente esta pol\u00edtica para comprender nuestras pol\u00edticas y pr\u00e1cticas. Si no est\u00e1s de acuerdo con nuestras pol\u00edticas y pr\u00e1cticas, tu opci\u00f3n es no utilizar nuestro Sitio Web. Esta pol\u00edtica puede cambiar de vez en cuando. Tu uso continuado de este Sitio Web despu\u00e9s de que hagamos cambios se considerar\u00e1 como la aceptaci\u00f3n de dichos cambios, as\u00ed que comprueba la pol\u00edtica peri\u00f3dicamente para ver si hay actualizaciones.   <\/p>\n\n<p>Informaci\u00f3n que recopilamos sobre ti y c\u00f3mo la recopilamos<\/p>\n\n<p>Recogemos varios tipos de informaci\u00f3n de y sobre los usuarios de nuestro Sitio Web, incluida la informaci\u00f3n por la que puedes ser identificado personalmente, como tu nombre, direcci\u00f3n de correo electr\u00f3nico, identificadores en l\u00ednea y, si procede, la informaci\u00f3n personal necesaria para la compra o prestaci\u00f3n de servicios de viaje o la informaci\u00f3n personal necesaria para permitirte vender viajes. Nuestro sitio web tambi\u00e9n recopila autom\u00e1ticamente cierta informaci\u00f3n sobre sus usuarios, incluida informaci\u00f3n sobre tu uso de nuestro sitio web, tu conexi\u00f3n a Internet, el dispositivo que utilizas para visitar nuestro sitio web y otros detalles de uso. <\/p>\n\n<p>Recogemos esta informaci\u00f3n:<\/p>\n\n<ul class=\"wp-block-list\">\n<li>Directamente de ti cuando nos la facilites, por ejemplo, cuando interact\u00faes con nuestro Sitio Web, mantengas correspondencia con un miembro de nuestra empresa o proporciones informaci\u00f3n en relaci\u00f3n con cualquier solicitud o consulta.<\/li>\n\n\n\n<li>Autom\u00e1ticamente mientras navegas por el sitio. La informaci\u00f3n recogida autom\u00e1ticamente puede incluir detalles de uso, direcciones IP e informaci\u00f3n recogida a trav\u00e9s de cookies y otras tecnolog\u00edas de seguimiento. <\/li>\n\n\n\n<li><\/li>\n<\/ul>\n\n<p>Las tecnolog\u00edas que utilizamos para esta recogida autom\u00e1tica de datos incluyen, entre otras:<\/p>\n\n<ul class=\"wp-block-list\">\n<li>Cookies (o cookies del navegador). Una cookie es un peque\u00f1o archivo que se coloca en el disco duro de tu ordenador. Puedes negarte a aceptar las cookies del navegador activando la configuraci\u00f3n adecuada en tu navegador. Sin embargo, si seleccionas esta configuraci\u00f3n es posible que no puedas acceder a determinadas partes de nuestro Sitio Web. A menos que hayas ajustado la configuraci\u00f3n de tu navegador para que rechace las cookies, nuestro sistema emitir\u00e1 cookies cuando dirijas tu navegador a nuestro Sitio Web.    <\/li>\n\n\n\n<li>Herramientas de an\u00e1lisis. Utilizamos Google Analytics y otras herramientas de an\u00e1lisis para recopilar informaci\u00f3n sobre el uso de nuestro Sitio Web. Este servicio recopila informaci\u00f3n sobre la frecuencia con la que los usuarios visitan nuestro Sitio Web, qu\u00e9 p\u00e1ginas visitan y cu\u00e1ndo lo hacen, as\u00ed como qu\u00e9 otros sitios web utilizaron antes de aterrizar en nuestro Sitio Web, entre otra informaci\u00f3n adicional. Utilizamos esta informaci\u00f3n para mejorar nuestro Sitio Web y nuestros servicios. No combinamos la informaci\u00f3n recopilada a trav\u00e9s del uso de Google Analytics con Informaci\u00f3n Personal.<br\/>Puedes inhabilitar Google Analytics instalando el Complemento de inhabilitaci\u00f3n para navegadores de Google Analytics.    <\/li>\n\n\n\n<li>P\u00edxeles de seguimiento o balizas web. Las p\u00e1ginas de nuestro Sitio Web y cierta correspondencia que recibes de nosotros pueden contener peque\u00f1os archivos electr\u00f3nicos conocidos como balizas web (tambi\u00e9n denominados gifs transparentes, etiquetas de p\u00edxel, p\u00edxeles de seguimiento y gifs de p\u00edxel \u00fanico) que nos permiten, por ejemplo, contar los usuarios que han visitado esas p\u00e1ginas o abierto un correo electr\u00f3nico y para otras estad\u00edsticas relacionadas con el sitio web (por ejemplo, registrar la popularidad de cierto contenido del sitio web y verificar la integridad del sistema y del servidor). <\/li>\n\n\n\n<li>Otras herramientas de seguimiento Javascript. Tambi\u00e9n utilizamos otras herramientas de terceros que recopilan autom\u00e1ticamente datos sobre el rendimiento de nuestro sitio y el comportamiento en el navegador para ayudarnos a supervisar el rendimiento y la funcionalidad de nuestro sitio, rastrear la atribuci\u00f3n, permitir pruebas a\/b, supervisar la usabilidad del sitio, etc. Puedes excluirte de este tipo de herramientas activando los plugins bloqueadores disponibles como complementos en los principales navegadores web.  <\/li>\n<\/ul>\n\n<p>Informaci\u00f3n personal de otras fuentes<\/p>\n\n<p>Sofi&#8217;s Choice Travel puede recopilar informaci\u00f3n, incluida informaci\u00f3n personal, de otras fuentes de terceros, como agencias de viajes y proveedores de viajes u otros servicios de hosteler\u00eda.<\/p>\n\n<p>Uso por terceros de tecnolog\u00edas de seguimiento<\/p>\n\n<p>No controlamos las tecnolog\u00edas de rastreo de terceros ni c\u00f3mo pueden utilizarse. Si tienes alguna pregunta sobre un anuncio u otro contenido dirigido, debes ponerte en contacto directamente con el proveedor responsable. <\/p>\n\n<p>C\u00f3mo utilizamos tu informaci\u00f3n<\/p>\n\n<p>Utilizamos la informaci\u00f3n que recopilamos sobre ti o que nos proporcionas, incluida cualquier informaci\u00f3n personal, para presentarte nuestro Sitio Web y su contenido, para proporcionarte la informaci\u00f3n, productos o servicios que nos solicites, para cumplir cualquier otro prop\u00f3sito para el que nos la proporciones y de cualquier forma que podamos describir cuando nos proporciones la informaci\u00f3n o con tu consentimiento.<\/p>\n\n<p>Divulgaci\u00f3n de tu informaci\u00f3n<\/p>\n\n<p>Podemos revelar la informaci\u00f3n personal que recopilamos, o que t\u00fa nos facilitas tal y como se describe en esta pol\u00edtica de privacidad, a nuestras filiales y empresas asociadas, a proveedores de servicios y a otros terceros que utilicemos para apoyar nuestro negocio, o a un comprador u otro sucesor en caso de fusi\u00f3n, desinversi\u00f3n, reestructuraci\u00f3n, reorganizaci\u00f3n, disoluci\u00f3n u otra venta o transferencia de algunos o todos nuestros activos.<\/p>\n\n<p>Tambi\u00e9n podemos revelar tu informaci\u00f3n personal, seg\u00fan sea necesario, para cumplir el prop\u00f3sito para el que la proporcionaste, y para cualquier prop\u00f3sito con tu consentimiento.<\/p>\n\n<p>Adem\u00e1s, tambi\u00e9n podemos revelar tu informaci\u00f3n personal para cumplir con cualquier orden judicial, ley o proceso legal, incluso para responder a cualquier solicitud gubernamental o reglamentaria o si creemos que la revelaci\u00f3n es necesaria o apropiada para proteger los derechos, la propiedad o la seguridad de Sofi&#8217;s Choice Travel , nuestros clientes u otros.<\/p>\n\n<p>Podemos divulgar informaci\u00f3n agregada que no identifique a ning\u00fan individuo sin restricciones.<\/p>\n\n<p>Opciones sobre c\u00f3mo utilizamos y divulgamos tu informaci\u00f3n<\/p>\n\n<p>Nos esforzamos por ofrecerte opciones en relaci\u00f3n con la informaci\u00f3n personal que nos proporcionas. Hemos creado mecanismos para proporcionarte el siguiente control sobre tu informaci\u00f3n: <\/p>\n\n<ul class=\"wp-block-list\">\n<li>Tecnolog\u00edas de seguimiento y publicidad. Puedes configurar tu navegador para que rechace todas las cookies o algunas de ellas, o para que te avise cuando se env\u00eden cookies. Si desactivas o rechazas las cookies, ten en cuenta que algunas partes de este sitio pueden ser inaccesibles o no funcionar correctamente.  <\/li>\n\n\n\n<li>Ofertas promocionales de la Empresa. Si no deseas que la Empresa utilice tu direcci\u00f3n de correo electr\u00f3nico para promocionar nuestros productos o servicios o los de terceros, puedes optar por darte de baja haciendo clic en Cancelar suscripci\u00f3n en la parte inferior de cualquier comunicaci\u00f3n electr\u00f3nica que recibas de nosotros o, si las comunicaciones est\u00e1n relacionadas con tu cuenta como Asesor de Viajes de Sofi&#8217;s Choice, cancelando tu suscripci\u00f3n. Si te hemos enviado un correo electr\u00f3nico promocional, puedes enviarnos un correo electr\u00f3nico de respuesta solicitando ser omitido de futuras distribuciones de correo electr\u00f3nico. Esta exclusi\u00f3n voluntaria no se aplica a la informaci\u00f3n proporcionada a la Empresa como resultado de una solicitud de reserva, transacci\u00f3n relacionada con un viaje u otra necesidad empresarial de comunicaci\u00f3n relacionada con una transacci\u00f3n, producto o servicio.   <\/li>\n<\/ul>\n\n<p>No controlamos la recopilaci\u00f3n o el uso de tu informaci\u00f3n por parte de terceros para ofrecer publicidad basada en intereses. Estos terceros, sin embargo, pueden proporcionarte formas de elegir que tu informaci\u00f3n no sea recopilada o utilizada de esta manera. Puedes optar por no recibir anuncios dirigidos de los miembros de la Network Advertising Initiative (\u00abNAI\u00bb) en el sitio web de la NAI.  <\/p>\n\n<p>Seguridad de los datos<\/p>\n\n<p>Hemos implantado procedimientos f\u00edsicos, electr\u00f3nicos y de gesti\u00f3n dise\u00f1ados para proteger tu informaci\u00f3n de p\u00e9rdidas accidentales y de accesos, usos, alteraciones y divulgaciones no autorizados.<\/p>\n\n<ul class=\"wp-block-list\">\n<li>Certificado SSL: Empleamos servidores web seguros alojados en un centro de datos certificado. La \u00abs\u00bb en la direcci\u00f3n \u00abhttps\u00bb de nuestras p\u00e1ginas web, as\u00ed como los avisos de seguridad que muestran algunos navegadores, indican que se est\u00e1 utilizando SSL. Se utiliza un certificado SSL (Secure Socket Layer) para el intercambio seguro y encriptado de datos entre tu navegador web y este Sitio Web mediante encriptaci\u00f3n SSL. Esta encriptaci\u00f3n ayuda a salvaguardar informaci\u00f3n personal como contrase\u00f1as, n\u00fameros de tarjetas de cr\u00e9dito y credenciales personales.   <\/li>\n\n\n\n<li>Protecci\u00f3n mediante cortafuegos: Una vez que tenemos tu informaci\u00f3n, la almacenamos tras una barrera de cortafuegos dise\u00f1ada para impedir el acceso no autorizado a nuestra red o desde ella.<\/li>\n\n\n\n<li>Verificaci\u00f3n de contrase\u00f1a y nombre de usuario: Para los componentes del Sitio Web que requieren una autenticaci\u00f3n, un paso adicional para proteger tu informaci\u00f3n es el uso de un nombre de usuario y una contrase\u00f1a \u00fanicos para tu cuenta. Esto ayuda a evitar que alguien se haga pasar por ti para acceder a la informaci\u00f3n almacenada en el Sitio Web. <\/li>\n<\/ul>\n\n<p>Lamentablemente, no se puede garantizar que la transmisi\u00f3n de informaci\u00f3n a trav\u00e9s de Internet sea 100% segura o est\u00e9 libre de errores. Aunque hacemos todo lo posible para proteger tu informaci\u00f3n personal, existen limitaciones de seguridad y privacidad de Internet que escapan a nuestro control, ya que la informaci\u00f3n puede fluir a trav\u00e9s de redes con escasas o nulas medidas de seguridad y ser vista o manipulada en tr\u00e1nsito por un tercero. No podemos hacernos responsables de accesos no autorizados o involuntarios que escapen a nuestro control y cualquier transmisi\u00f3n de informaci\u00f3n personal se realiza bajo tu propia responsabilidad. Te instamos a que tomes precauciones para proteger tus datos personales cuando utilices Internet. No reutilices tu contrase\u00f1a en distintos sitios web, c\u00e1mbiala a menudo y utiliza una frase de contrase\u00f1a (como una oraci\u00f3n) en lugar de una sola palabra. Es tu responsabilidad mantener la confidencialidad de tu contrase\u00f1a. No compartas esta informaci\u00f3n con nadie. Recomendamos encarecidamente el uso de un gestor de contrase\u00f1as para gestionar de forma segura tus contrase\u00f1as y crear contrase\u00f1as seguras.       <\/p>\n\n<p>Cambios en nuestra pol\u00edtica de privacidad<\/p>\n\n<p>Nos reservamos el derecho a modificar esta pol\u00edtica de privacidad a nuestra discreci\u00f3n y en cualquier momento. Cuando realicemos cambios en esta pol\u00edtica de privacidad, publicaremos el aviso actualizado en el Sitio Web y actualizaremos la fecha de entrada en vigor del aviso. El uso continuado de nuestro Sitio Web tras la publicaci\u00f3n de los cambios constituye tu aceptaci\u00f3n de dichos cambios.  <\/p>\n\n<p>Menores de 13 a\u00f1os<\/p>\n\n<p>Nuestro Sitio Web no est\u00e1 destinado a ni\u00f1os menores de 13 a\u00f1os. Si eres menor de 13 a\u00f1os, no utilices ni proporciones ninguna informaci\u00f3n en este Sitio Web. Si nos enteramos de que hemos recopilado o recibido informaci\u00f3n personal de un ni\u00f1o menor de 13 a\u00f1os sin la verificaci\u00f3n del consentimiento paterno, eliminaremos dicha informaci\u00f3n.  <\/p>\n\n<p>Sofi&#8217;s Choice Travel puede recibir informaci\u00f3n sobre ni\u00f1os menores de 13 a\u00f1os de un tercero, como una agencia de viajes. En esos casos, la informaci\u00f3n s\u00f3lo se utilizar\u00e1 para prestar los servicios solicitados. <\/p>\n\n<p>Sofi&#8217;s Choice Travel recopila Informaci\u00f3n Personal para utilizarla o revelarla seg\u00fan proceda para:<\/p>\n\n<ul class=\"wp-block-list\">\n<li>Determinar tu idoneidad para un puesto en Sofi&#8217;s Choice Travel , incluyendo el procesamiento y la revisi\u00f3n de tus materiales de solicitud, la realizaci\u00f3n de entrevistas, la confirmaci\u00f3n de tus antecedentes y la comprobaci\u00f3n de referencias, as\u00ed como el mantenimiento de registros internos relacionados con nuestro proceso de contrataci\u00f3n.<\/li>\n\n\n\n<li>Gesti\u00f3n de tu relaci\u00f3n laboral con Sofi&#8217;s Choice Travel , incluyendo los procesos de incorporaci\u00f3n, control horario, n\u00f3minas y administraci\u00f3n de informes de gastos, administraci\u00f3n de prestaciones, requisitos de formaci\u00f3n y desarrollo de los empleados, comunicaci\u00f3n con tus contactos de emergencia cuando sea necesario y gesti\u00f3n de reclamaciones de indemnizaci\u00f3n por accidentes laborales.<\/li>\n\n\n\n<li>Gestionar tu desarrollo profesional, incluido el seguimiento del rendimiento en el trabajo, la realizaci\u00f3n de revisiones del rendimiento, los ascensos y la respuesta a las quejas por mala conducta o conflictos de intereses.<\/li>\n\n\n\n<li>Gestionar y controlar el acceso de los empleados a las instalaciones, equipos y sistemas de la empresa, realizar auditor\u00edas internas e investigaciones en el lugar de trabajo, e investigar y aplicar el cumplimiento y las posibles infracciones de las pol\u00edticas y procedimientos de Sofi&#8217;s Choice Travel.<\/li>\n\n\n\n<li>Participar en operaciones empresariales que requieran la revisi\u00f3n de los expedientes de los empleados, como para evaluar posibles fusiones y adquisiciones o fuentes de financiaci\u00f3n.<\/li>\n\n\n\n<li>Mantener las p\u00f3lizas y coberturas de los seguros comerciales, incluidos los de indemnizaci\u00f3n de los trabajadores y otros seguros de responsabilidad civil.<\/li>\n\n\n\n<li>Realizaci\u00f3n de an\u00e1lisis de mano de obra, an\u00e1lisis de datos y evaluaci\u00f3n comparativa.<\/li>\n\n\n\n<li>Administrar y mantener las operaciones de Sofi&#8217;s Choice Travel, incluso por motivos de seguridad.<\/li>\n\n\n\n<li>Para fines de marketing del cliente.<\/li>\n\n\n\n<li>Ejercer o defender nuestros derechos legales y cumplir con nuestras obligaciones legales, incluidas las relacionadas con las leyes fiscales y antidiscriminatorias.<\/li>\n\n\n\n<li>Cualquier otro prop\u00f3sito empresarial rutinario.<\/li>\n\n\n\n<li><\/li>\n<\/ul>\n\n<p>Si tienes alguna pregunta sobre este Aviso o necesitas acceder a \u00e9l en un formato alternativo por tener una discapacidad, ponte en contacto con nosotros.<\/p>\n","protected":false},"excerpt":{"rendered":"<p>Pol\u00edtica de privacidad \u00daltima modificaci\u00f3n: 1 de septiembre de 2021 Introducci\u00f3n &#8230; <\/p>\n","protected":false},"author":1,"featured_media":0,"parent":0,"menu_order":0,"comment_status":"closed","ping_status":"open","template":"","meta":{"footnotes":""},"class_list":["post-2434","page","type-page","status-publish","hentry"],"yoast_head":"<!-- This site is optimized with the Yoast SEO plugin v26.2 - https:\/\/yoast.com\/wordpress\/plugins\/seo\/ -->\n<title>Pol\u00edtica de privacidad - Sofi&#039;s Choice Travel<\/title>\n<meta name=\"robots\" content=\"index, follow, max-snippet:-1, max-image-preview:large, max-video-preview:-1\" \/>\n<link rel=\"canonical\" href=\"https:\/\/sofischoicetravel.com\/es\/politica-de-privacidad\/\" \/>\n<meta property=\"og:locale\" content=\"es_ES\" \/>\n<meta property=\"og:type\" content=\"article\" \/>\n<meta property=\"og:title\" content=\"Pol\u00edtica de privacidad - Sofi&#039;s Choice Travel\" \/>\n<meta property=\"og:description\" content=\"Pol\u00edtica de privacidad \u00daltima modificaci\u00f3n: 1 de septiembre de 2021 Introducci\u00f3n ...\" \/>\n<meta property=\"og:url\" content=\"https:\/\/sofischoicetravel.com\/es\/politica-de-privacidad\/\" \/>\n<meta property=\"og:site_name\" content=\"El viaje elegido por Sofi\" \/>\n<meta property=\"article:publisher\" content=\"https:\/\/www.facebook.com\/sofischoicetravel\" \/>\n<meta property=\"article:modified_time\" content=\"2025-10-10T17:03:25+00:00\" \/>\n<meta property=\"og:image\" content=\"https:\/\/sofischoicetravel.com\/wp-content\/uploads\/2025\/09\/europe.jpg\" \/>\n\t<meta property=\"og:image:width\" content=\"500\" \/>\n\t<meta property=\"og:image:height\" content=\"500\" \/>\n\t<meta property=\"og:image:type\" content=\"image\/jpeg\" \/>\n<meta name=\"twitter:card\" content=\"summary_large_image\" \/>\n<meta name=\"twitter:label1\" content=\"Tiempo de lectura\" \/>\n\t<meta name=\"twitter:data1\" content=\"13 minutos\" \/>\n<script type=\"application\/ld+json\" class=\"yoast-schema-graph\">{\"@context\":\"https:\/\/schema.org\",\"@graph\":[{\"@type\":\"WebPage\",\"@id\":\"https:\/\/sofischoicetravel.com\/es\/politica-de-privacidad\/\",\"url\":\"https:\/\/sofischoicetravel.com\/es\/politica-de-privacidad\/\",\"name\":\"Pol\u00edtica de privacidad - Sofi's Choice Travel\",\"isPartOf\":{\"@id\":\"https:\/\/sofischoicetravel.com\/es\/#website\"},\"datePublished\":\"2025-08-23T16:21:00+00:00\",\"dateModified\":\"2025-10-10T17:03:25+00:00\",\"breadcrumb\":{\"@id\":\"https:\/\/sofischoicetravel.com\/es\/politica-de-privacidad\/#breadcrumb\"},\"inLanguage\":\"es\",\"potentialAction\":[{\"@type\":\"ReadAction\",\"target\":[\"https:\/\/sofischoicetravel.com\/es\/politica-de-privacidad\/\"]}]},{\"@type\":\"BreadcrumbList\",\"@id\":\"https:\/\/sofischoicetravel.com\/es\/politica-de-privacidad\/#breadcrumb\",\"itemListElement\":[{\"@type\":\"ListItem\",\"position\":1,\"name\":\"Home\",\"item\":\"https:\/\/sofischoicetravel.com\/es\/\"},{\"@type\":\"ListItem\",\"position\":2,\"name\":\"Pol\u00edtica de privacidad\"}]},{\"@type\":\"WebSite\",\"@id\":\"https:\/\/sofischoicetravel.com\/es\/#website\",\"url\":\"https:\/\/sofischoicetravel.com\/es\/\",\"name\":\"Sofi's Choice Travel\",\"description\":\"Agencia de viajes\",\"publisher\":{\"@id\":\"https:\/\/sofischoicetravel.com\/es\/#organization\"},\"potentialAction\":[{\"@type\":\"SearchAction\",\"target\":{\"@type\":\"EntryPoint\",\"urlTemplate\":\"https:\/\/sofischoicetravel.com\/es\/?s={search_term_string}\"},\"query-input\":{\"@type\":\"PropertyValueSpecification\",\"valueRequired\":true,\"valueName\":\"search_term_string\"}}],\"inLanguage\":\"es\"},{\"@type\":\"Organization\",\"@id\":\"https:\/\/sofischoicetravel.com\/es\/#organization\",\"name\":\"Sofi's Choice Travel\",\"alternateName\":\"Sofi's Choice Travel\",\"url\":\"https:\/\/sofischoicetravel.com\/es\/\",\"logo\":{\"@type\":\"ImageObject\",\"inLanguage\":\"es\",\"@id\":\"https:\/\/sofischoicetravel.com\/es\/#\/schema\/logo\/image\/\",\"url\":\"https:\/\/sofischoicetravel.com\/wp-content\/uploads\/2025\/10\/sofis-choice-7.png\",\"contentUrl\":\"https:\/\/sofischoicetravel.com\/wp-content\/uploads\/2025\/10\/sofis-choice-7.png\",\"width\":391,\"height\":248,\"caption\":\"Sofi's Choice Travel\"},\"image\":{\"@id\":\"https:\/\/sofischoicetravel.com\/es\/#\/schema\/logo\/image\/\"},\"sameAs\":[\"https:\/\/www.facebook.com\/sofischoicetravel\",\"https:\/\/www.instagram.com\/sofischoicetravel\/\"]}]}<\/script>\n<!-- \/ Yoast SEO plugin. -->","yoast_head_json":{"title":"Pol\u00edtica de privacidad - Sofi's Choice Travel","robots":{"index":"index","follow":"follow","max-snippet":"max-snippet:-1","max-image-preview":"max-image-preview:large","max-video-preview":"max-video-preview:-1"},"canonical":"https:\/\/sofischoicetravel.com\/es\/politica-de-privacidad\/","og_locale":"es_ES","og_type":"article","og_title":"Pol\u00edtica de privacidad - Sofi's Choice Travel","og_description":"Pol\u00edtica de privacidad \u00daltima modificaci\u00f3n: 1 de septiembre de 2021 Introducci\u00f3n ...","og_url":"https:\/\/sofischoicetravel.com\/es\/politica-de-privacidad\/","og_site_name":"El viaje elegido por Sofi","article_publisher":"https:\/\/www.facebook.com\/sofischoicetravel","article_modified_time":"2025-10-10T17:03:25+00:00","og_image":[{"width":500,"height":500,"url":"https:\/\/sofischoicetravel.com\/wp-content\/uploads\/2025\/09\/europe.jpg","type":"image\/jpeg"}],"twitter_card":"summary_large_image","twitter_misc":{"Tiempo de lectura":"13 minutos"},"schema":{"@context":"https:\/\/schema.org","@graph":[{"@type":"WebPage","@id":"https:\/\/sofischoicetravel.com\/es\/politica-de-privacidad\/","url":"https:\/\/sofischoicetravel.com\/es\/politica-de-privacidad\/","name":"Pol\u00edtica de privacidad - Sofi's Choice Travel","isPartOf":{"@id":"https:\/\/sofischoicetravel.com\/es\/#website"},"datePublished":"2025-08-23T16:21:00+00:00","dateModified":"2025-10-10T17:03:25+00:00","breadcrumb":{"@id":"https:\/\/sofischoicetravel.com\/es\/politica-de-privacidad\/#breadcrumb"},"inLanguage":"es","potentialAction":[{"@type":"ReadAction","target":["https:\/\/sofischoicetravel.com\/es\/politica-de-privacidad\/"]}]},{"@type":"BreadcrumbList","@id":"https:\/\/sofischoicetravel.com\/es\/politica-de-privacidad\/#breadcrumb","itemListElement":[{"@type":"ListItem","position":1,"name":"Home","item":"https:\/\/sofischoicetravel.com\/es\/"},{"@type":"ListItem","position":2,"name":"Pol\u00edtica de privacidad"}]},{"@type":"WebSite","@id":"https:\/\/sofischoicetravel.com\/es\/#website","url":"https:\/\/sofischoicetravel.com\/es\/","name":"Sofi's Choice Travel","description":"Agencia de viajes","publisher":{"@id":"https:\/\/sofischoicetravel.com\/es\/#organization"},"potentialAction":[{"@type":"SearchAction","target":{"@type":"EntryPoint","urlTemplate":"https:\/\/sofischoicetravel.com\/es\/?s={search_term_string}"},"query-input":{"@type":"PropertyValueSpecification","valueRequired":true,"valueName":"search_term_string"}}],"inLanguage":"es"},{"@type":"Organization","@id":"https:\/\/sofischoicetravel.com\/es\/#organization","name":"Sofi's Choice Travel","alternateName":"Sofi's Choice Travel","url":"https:\/\/sofischoicetravel.com\/es\/","logo":{"@type":"ImageObject","inLanguage":"es","@id":"https:\/\/sofischoicetravel.com\/es\/#\/schema\/logo\/image\/","url":"https:\/\/sofischoicetravel.com\/wp-content\/uploads\/2025\/10\/sofis-choice-7.png","contentUrl":"https:\/\/sofischoicetravel.com\/wp-content\/uploads\/2025\/10\/sofis-choice-7.png","width":391,"height":248,"caption":"Sofi's Choice Travel"},"image":{"@id":"https:\/\/sofischoicetravel.com\/es\/#\/schema\/logo\/image\/"},"sameAs":["https:\/\/www.facebook.com\/sofischoicetravel","https:\/\/www.instagram.com\/sofischoicetravel\/"]}]}},"_links":{"self":[{"href":"https:\/\/sofischoicetravel.com\/es\/wp-json\/wp\/v2\/pages\/2434","targetHints":{"allow":["GET"]}}],"collection":[{"href":"https:\/\/sofischoicetravel.com\/es\/wp-json\/wp\/v2\/pages"}],"about":[{"href":"https:\/\/sofischoicetravel.com\/es\/wp-json\/wp\/v2\/types\/page"}],"author":[{"embeddable":true,"href":"https:\/\/sofischoicetravel.com\/es\/wp-json\/wp\/v2\/users\/1"}],"replies":[{"embeddable":true,"href":"https:\/\/sofischoicetravel.com\/es\/wp-json\/wp\/v2\/comments?post=2434"}],"version-history":[{"count":2,"href":"https:\/\/sofischoicetravel.com\/es\/wp-json\/wp\/v2\/pages\/2434\/revisions"}],"predecessor-version":[{"id":2436,"href":"https:\/\/sofischoicetravel.com\/es\/wp-json\/wp\/v2\/pages\/2434\/revisions\/2436"}],"wp:attachment":[{"href":"https:\/\/sofischoicetravel.com\/es\/wp-json\/wp\/v2\/media?parent=2434"}],"curies":[{"name":"wp","href":"https:\/\/api.w.org\/{rel}","templated":true}]}}